{"id":16,"date":"2020-10-30T20:29:53","date_gmt":"2020-10-30T19:29:53","guid":{"rendered":"https:\/\/psycholog-czeladz.pl\/?page_id=16"},"modified":"2026-04-21T13:15:37","modified_gmt":"2026-04-21T11:15:37","slug":"o-mnie","status":"publish","type":"page","link":"https:\/\/psycholog-czeladz.pl\/?page_id=16","title":{"rendered":"O mnie"},"content":{"rendered":"\t\t<div data-elementor-type=\"wp-page\" data-elementor-id=\"16\" class=\"elementor elementor-16\">\n\t\t\t\t\t\t<div class=\"elementor-inner\">\n\t\t\t\t<div class=\"elementor-section-wrap\">\n\t\t\t\t\t\t\t\t\t<section class=\"elementor-section elementor-top-section elementor-element elementor-element-13238f9d elementor-section-boxed elementor-section-height-default elementor-section-height-default\" data-id=\"13238f9d\" data-element_type=\"section\">\n\t\t\t\t\t\t<div class=\"elementor-container elementor-column-gap-default\">\n\t\t\t\t\t\t\t<div class=\"elementor-row\">\n\t\t\t\t\t<div class=\"elementor-column elementor-col-100 elementor-top-column elementor-element elementor-element-1d570f91\" data-id=\"1d570f91\" data-element_type=\"column\">\n\t\t\t<div class=\"elementor-column-wrap elementor-element-populated\">\n\t\t\t\t\t\t\t<div class=\"elementor-widget-wrap\">\n\t\t\t\t\t\t<div class=\"elementor-element elementor-element-55f9a3b9 elementor-widget elementor-widget-text-editor\" data-id=\"55f9a3b9\" data-element_type=\"widget\" data-widget_type=\"text-editor.default\">\n\t\t\t\t<div class=\"elementor-widget-container\">\n\t\t\t\t\t\t\t\t<div class=\"elementor-text-editor elementor-clearfix\">\n\t\t\t\t<!-- wp:paragraph {\"fontSize\":\"medium\"} -->\n<p class=\"has-medium-font-size\">mgr Anna Ulfig<\/p>\n<!-- \/wp:paragraph --><!-- wp:paragraph -->\n<p>Studia psychologiczne o specjalno\u015bci klinicznej odby\u0142am w\u00a0<a href=\"https:\/\/www.swps.pl\/\">Szkole Wy\u017cszej Psychologii Spo\u0142ecznej w Warszawie<\/a>. Uko\u0144czy\u0142am tak\u017ce studia magisterskie na Uniwersytecie Ekonomicznym w Katowicach. Szkolenie z zakresu psychoterapii odby\u0142am w <a href=\"http:\/\/www.psychoterapia-silesia.org.pl\/szkola_psychoterapii.html\" target=\"_blank\" rel=\"noreferrer noopener\">\u015al\u0105skiej Szkole Psychoterapii w Gliwicach<\/a>. Obecnie jestem psychoterapeutk\u0105 w trakcie certyfikacji.<\/p>\n<!-- \/wp:paragraph --><!-- wp:paragraph -->\n<p>W pracy uwzgl\u0119dniaj\u0105cej pomoc psychologiczn\u0105 kieruj\u0119 si\u0119 holistycznym uj\u0119ciem zg\u0142oszonego zagadnienia, co oznacza, \u017ce zawsze \u0142\u0105cznie traktuj\u0119 cia\u0142o, umys\u0142 i emocje. Od lat interesuj\u0119 si\u0119 jog\u0105, prowadz\u0105c r\u00f3wnocze\u015bnie zaj\u0119cia oparte na metodach b\u0105d\u017a technikach wywodz\u0105cych si\u0119 ze wschodnich sposob\u00f3w pracy z cia\u0142em i umys\u0142em. Zainteresowania te zach\u0119ci\u0142y mnie do prowadzenia bada\u0144 wp\u0142ywu praktyki jogi oraz fitness na \u015bwiadomo\u015b\u0107 cia\u0142a i og\u00f3lny komfort funkcjonowania.<\/p>\n<!-- \/wp:paragraph --><!-- wp:paragraph -->\n<p>Obecnie pracuj\u0119 na Dziennym Oddziale Psychiatrycznym w Czeladzi oraz w prywatnym gabinecie w Czeladzi. Mam tak\u017ce do\u015bwiadczenie w pracy z osobami chorymi terminalnie.<\/p>\n<!-- \/wp:paragraph --><!-- wp:paragraph -->\n<p>Swoj\u0105 prac\u0119 regularnie superwizuj\u0119.<\/p>\n<!-- \/wp:paragraph --><!-- wp:paragraph -->\n<p><a href=\"https:\/\/psycholog-czeladz.pl\/\">Powr\u00f3t do strony g\u0142\u00f3wnej.<\/a><\/p>\n<!-- \/wp:paragraph --><!-- wp:image {\"id\":110,\"width\":\"377px\",\"height\":\"435px\",\"sizeSlug\":\"large\",\"align\":\"center\",\"className\":\"is-style-rounded\"} -->\n<figure class=\"wp-block-image aligncenter size-large is-resized is-style-rounded\"><img loading=\"lazy\" decoding=\"async\" width=\"605\" height=\"698\" class=\"wp-image-110\" style=\"width: 377px; height: 435px;\" src=\"https:\/\/psycholog-czeladz.pl\/wp-content\/uploads\/2020\/10\/ania.jpg\" alt=\"\" srcset=\"https:\/\/psycholog-czeladz.pl\/wp-content\/uploads\/2020\/10\/ania.jpg 605w, https:\/\/psycholog-czeladz.pl\/wp-content\/uploads\/2020\/10\/ania-260x300.jpg 260w\" sizes=\"auto, (max-width: 605px) 100vw, 605px\" \/><\/figure>\n<!-- \/wp:image -->\t\t\t\t\t<\/div>\n\t\t\t\t\t\t<\/div>\n\t\t\t\t<\/div>\n\t\t\t\t\t\t<\/div>\n\t\t\t\t\t<\/div>\n\t\t<\/div>\n\t\t\t\t\t\t\t\t<\/div>\n\t\t\t\t\t<\/div>\n\t\t<\/section>\n\t\t\t\t\t\t\t\t\t<\/div>\n\t\t\t<\/div>\n\t\t\t\t\t<\/div>\n\t\t","protected":false},"excerpt":{"rendered":"<p>mgr Anna Ulfig Studia psychologiczne o specjalno\u015bci klinicznej odby\u0142am w\u00a0Szkole Wy\u017cszej Psychologii Spo\u0142ecznej w Warszawie. Uko\u0144czy\u0142am tak\u017ce studia magisterskie na [&hellip;]<\/p>\n","protected":false},"author":1,"featured_media":0,"parent":0,"menu_order":0,"comment_status":"closed","ping_status":"closed","template":"","meta":{"footnotes":""},"class_list":["post-16","page","type-page","status-publish","hentry"],"yoast_head":"<!-- This site is optimized with the Yoast SEO plugin v23.4 - https:\/\/yoast.com\/wordpress\/plugins\/seo\/ -->\n<title>O mnie - Psycholog Anna Ulfig<\/title>\n<meta name=\"description\" content=\"Psycholog Anna Ulfig, gabinet psychologiczny Czelad\u017a, wsparcie psychologiczne - kilka s\u0142\u00f3w o mnie i moim do\u015bwiadczeniu zawodowym.\" \/>\n<meta name=\"robots\" content=\"index, follow, max-snippet:-1, max-image-preview:large, max-video-preview:-1\" \/>\n<link rel=\"canonical\" href=\"https:\/\/psycholog-czeladz.pl\/?page_id=16\" \/>\n<meta property=\"og:locale\" content=\"pl_PL\" \/>\n<meta property=\"og:type\" content=\"article\" \/>\n<meta property=\"og:title\" content=\"O mnie - Psycholog Anna Ulfig\" \/>\n<meta property=\"og:description\" content=\"Psycholog Anna Ulfig, gabinet psychologiczny Czelad\u017a, wsparcie psychologiczne - kilka s\u0142\u00f3w o mnie i moim do\u015bwiadczeniu zawodowym.\" \/>\n<meta property=\"og:url\" content=\"https:\/\/psycholog-czeladz.pl\/?page_id=16\" \/>\n<meta property=\"og:site_name\" content=\"Psycholog Anna Ulfig\" \/>\n<meta property=\"article:modified_time\" content=\"2026-04-21T11:15:37+00:00\" \/>\n<meta property=\"og:image\" content=\"https:\/\/psycholog-czeladz.pl\/wp-content\/uploads\/2020\/10\/ania.jpg\" \/>\n<meta name=\"twitter:card\" content=\"summary_large_image\" \/>\n<meta name=\"twitter:label1\" content=\"Szacowany czas czytania\" \/>\n\t<meta name=\"twitter:data1\" content=\"2 minuty\" \/>\n<script type=\"application\/ld+json\" class=\"yoast-schema-graph\">{\"@context\":\"https:\/\/schema.org\",\"@graph\":[{\"@type\":\"WebPage\",\"@id\":\"https:\/\/psycholog-czeladz.pl\/?page_id=16\",\"url\":\"https:\/\/psycholog-czeladz.pl\/?page_id=16\",\"name\":\"O mnie - Psycholog Anna Ulfig\",\"isPartOf\":{\"@id\":\"https:\/\/psycholog-czeladz.pl\/#website\"},\"primaryImageOfPage\":{\"@id\":\"https:\/\/psycholog-czeladz.pl\/?page_id=16#primaryimage\"},\"image\":{\"@id\":\"https:\/\/psycholog-czeladz.pl\/?page_id=16#primaryimage\"},\"thumbnailUrl\":\"https:\/\/psycholog-czeladz.pl\/wp-content\/uploads\/2020\/10\/ania.jpg\",\"datePublished\":\"2020-10-30T19:29:53+00:00\",\"dateModified\":\"2026-04-21T11:15:37+00:00\",\"description\":\"Psycholog Anna Ulfig, gabinet psychologiczny Czelad\u017a, wsparcie psychologiczne - kilka s\u0142\u00f3w o mnie i moim do\u015bwiadczeniu zawodowym.\",\"breadcrumb\":{\"@id\":\"https:\/\/psycholog-czeladz.pl\/?page_id=16#breadcrumb\"},\"inLanguage\":\"pl-PL\",\"potentialAction\":[{\"@type\":\"ReadAction\",\"target\":[\"https:\/\/psycholog-czeladz.pl\/?page_id=16\"]}]},{\"@type\":\"ImageObject\",\"inLanguage\":\"pl-PL\",\"@id\":\"https:\/\/psycholog-czeladz.pl\/?page_id=16#primaryimage\",\"url\":\"https:\/\/psycholog-czeladz.pl\/wp-content\/uploads\/2020\/10\/ania.jpg\",\"contentUrl\":\"https:\/\/psycholog-czeladz.pl\/wp-content\/uploads\/2020\/10\/ania.jpg\",\"width\":605,\"height\":698},{\"@type\":\"BreadcrumbList\",\"@id\":\"https:\/\/psycholog-czeladz.pl\/?page_id=16#breadcrumb\",\"itemListElement\":[{\"@type\":\"ListItem\",\"position\":1,\"name\":\"Strona g\u0142\u00f3wna\",\"item\":\"https:\/\/psycholog-czeladz.pl\/\"},{\"@type\":\"ListItem\",\"position\":2,\"name\":\"O mnie\"}]},{\"@type\":\"WebSite\",\"@id\":\"https:\/\/psycholog-czeladz.pl\/#website\",\"url\":\"https:\/\/psycholog-czeladz.pl\/\",\"name\":\"Psycholog Anna Ulfig\",\"description\":\"Zadzwo\u0144: +48 507 179 059\",\"potentialAction\":[{\"@type\":\"SearchAction\",\"target\":{\"@type\":\"EntryPoint\",\"urlTemplate\":\"https:\/\/psycholog-czeladz.pl\/?s={search_term_string}\"},\"query-input\":{\"@type\":\"PropertyValueSpecification\",\"valueRequired\":true,\"valueName\":\"search_term_string\"}}],\"inLanguage\":\"pl-PL\"}]}<\/script>\n<!-- \/ Yoast SEO plugin. -->","yoast_head_json":{"title":"O mnie - Psycholog Anna Ulfig","description":"Psycholog Anna Ulfig, gabinet psychologiczny Czelad\u017a, wsparcie psychologiczne - kilka s\u0142\u00f3w o mnie i moim do\u015bwiadczeniu zawodowym.","robots":{"index":"index","follow":"follow","max-snippet":"max-snippet:-1","max-image-preview":"max-image-preview:large","max-video-preview":"max-video-preview:-1"},"canonical":"https:\/\/psycholog-czeladz.pl\/?page_id=16","og_locale":"pl_PL","og_type":"article","og_title":"O mnie - Psycholog Anna Ulfig","og_description":"Psycholog Anna Ulfig, gabinet psychologiczny Czelad\u017a, wsparcie psychologiczne - kilka s\u0142\u00f3w o mnie i moim do\u015bwiadczeniu zawodowym.","og_url":"https:\/\/psycholog-czeladz.pl\/?page_id=16","og_site_name":"Psycholog Anna Ulfig","article_modified_time":"2026-04-21T11:15:37+00:00","og_image":[{"url":"https:\/\/psycholog-czeladz.pl\/wp-content\/uploads\/2020\/10\/ania.jpg"}],"twitter_card":"summary_large_image","twitter_misc":{"Szacowany czas czytania":"2 minuty"},"schema":{"@context":"https:\/\/schema.org","@graph":[{"@type":"WebPage","@id":"https:\/\/psycholog-czeladz.pl\/?page_id=16","url":"https:\/\/psycholog-czeladz.pl\/?page_id=16","name":"O mnie - Psycholog Anna Ulfig","isPartOf":{"@id":"https:\/\/psycholog-czeladz.pl\/#website"},"primaryImageOfPage":{"@id":"https:\/\/psycholog-czeladz.pl\/?page_id=16#primaryimage"},"image":{"@id":"https:\/\/psycholog-czeladz.pl\/?page_id=16#primaryimage"},"thumbnailUrl":"https:\/\/psycholog-czeladz.pl\/wp-content\/uploads\/2020\/10\/ania.jpg","datePublished":"2020-10-30T19:29:53+00:00","dateModified":"2026-04-21T11:15:37+00:00","description":"Psycholog Anna Ulfig, gabinet psychologiczny Czelad\u017a, wsparcie psychologiczne - kilka s\u0142\u00f3w o mnie i moim do\u015bwiadczeniu zawodowym.","breadcrumb":{"@id":"https:\/\/psycholog-czeladz.pl\/?page_id=16#breadcrumb"},"inLanguage":"pl-PL","potentialAction":[{"@type":"ReadAction","target":["https:\/\/psycholog-czeladz.pl\/?page_id=16"]}]},{"@type":"ImageObject","inLanguage":"pl-PL","@id":"https:\/\/psycholog-czeladz.pl\/?page_id=16#primaryimage","url":"https:\/\/psycholog-czeladz.pl\/wp-content\/uploads\/2020\/10\/ania.jpg","contentUrl":"https:\/\/psycholog-czeladz.pl\/wp-content\/uploads\/2020\/10\/ania.jpg","width":605,"height":698},{"@type":"BreadcrumbList","@id":"https:\/\/psycholog-czeladz.pl\/?page_id=16#breadcrumb","itemListElement":[{"@type":"ListItem","position":1,"name":"Strona g\u0142\u00f3wna","item":"https:\/\/psycholog-czeladz.pl\/"},{"@type":"ListItem","position":2,"name":"O mnie"}]},{"@type":"WebSite","@id":"https:\/\/psycholog-czeladz.pl\/#website","url":"https:\/\/psycholog-czeladz.pl\/","name":"Psycholog Anna Ulfig","description":"Zadzwo\u0144: +48 507 179 059","potentialAction":[{"@type":"SearchAction","target":{"@type":"EntryPoint","urlTemplate":"https:\/\/psycholog-czeladz.pl\/?s={search_term_string}"},"query-input":{"@type":"PropertyValueSpecification","valueRequired":true,"valueName":"search_term_string"}}],"inLanguage":"pl-PL"}]}},"_links":{"self":[{"href":"https:\/\/psycholog-czeladz.pl\/index.php?rest_route=\/wp\/v2\/pages\/16","targetHints":{"allow":["GET"]}}],"collection":[{"href":"https:\/\/psycholog-czeladz.pl\/index.php?rest_route=\/wp\/v2\/pages"}],"about":[{"href":"https:\/\/psycholog-czeladz.pl\/index.php?rest_route=\/wp\/v2\/types\/page"}],"author":[{"embeddable":true,"href":"https:\/\/psycholog-czeladz.pl\/index.php?rest_route=\/wp\/v2\/users\/1"}],"replies":[{"embeddable":true,"href":"https:\/\/psycholog-czeladz.pl\/index.php?rest_route=%2Fwp%2Fv2%2Fcomments&post=16"}],"version-history":[{"count":18,"href":"https:\/\/psycholog-czeladz.pl\/index.php?rest_route=\/wp\/v2\/pages\/16\/revisions"}],"predecessor-version":[{"id":202,"href":"https:\/\/psycholog-czeladz.pl\/index.php?rest_route=\/wp\/v2\/pages\/16\/revisions\/202"}],"wp:attachment":[{"href":"https:\/\/psycholog-czeladz.pl\/index.php?rest_route=%2Fwp%2Fv2%2Fmedia&parent=16"}],"curies":[{"name":"wp","href":"https:\/\/api.w.org\/{rel}","templated":true}]}}