{"id":21,"date":"2020-10-31T12:21:08","date_gmt":"2020-10-31T11:21:08","guid":{"rendered":"https:\/\/psycholog-czeladz.pl\/?page_id=21"},"modified":"2024-04-18T08:02:24","modified_gmt":"2024-04-18T06:02:24","slug":"o-metodzie","status":"publish","type":"page","link":"https:\/\/psycholog-czeladz.pl\/?page_id=21","title":{"rendered":"O metodzie"},"content":{"rendered":"\n<p>W pracy indywidualnej pracuje w podej\u015bciu psychodynamicznym, stosuje tak\u017ce techniki psychodramy.<\/p>\n\n\n\n<p>Metody te mog\u0105 by\u0107 pomocne dla os\u00f3b kt\u00f3re:<\/p>\n\n\n\n<p>\u2013 maj\u0105 problemy w relacjach lub marz\u0105 o szcz\u0119\u015bliwym zwi\u0105zku,<\/p>\n\n\n\n<p>\u2013 chc\u0105 uwolni\u0107 si\u0119 od uwik\u0142a\u0144 rodzinnych,<\/p>\n\n\n\n<p>\u2013 do\u015bwiadczaj\u0105 wykluczenia lub straty bliskiej osoby,<\/p>\n\n\n\n<p>\u2013 zmagaj\u0105 si\u0119 z powa\u017cnym konfliktem lub trudnym wydarzeniem,<\/p>\n\n\n\n<p>\u2013 chc\u0105 przezwyci\u0119\u017cy\u0107 wewn\u0119trzne i zewn\u0119trzne konflikty,<\/p>\n\n\n\n<p>\u2013 do\u015bwiadczaj\u0105 nawracaj\u0105cych problem\u00f3w zdrowotnych,<\/p>\n\n\n\n<p>\u2013 maj\u0105 konflikty w pracy lub odczuwaj\u0105 wypalenie zawodowe,<\/p>\n\n\n\n<p>\u2013 szukaj\u0105 sukcesu zawodowego.<\/p>\n\n\n\n<p><a href=\"https:\/\/psycholog-czeladz.pl\/\">Powr\u00f3t do strony g\u0142\u00f3wnej.<\/a><\/p>\n","protected":false},"excerpt":{"rendered":"<p>W pracy indywidualnej pracuje w podej\u015bciu psychodynamicznym, stosuje tak\u017ce techniki psychodramy. Metody te mog\u0105 by\u0107 pomocne dla os\u00f3b kt\u00f3re: \u2013 [&hellip;]<\/p>\n","protected":false},"author":1,"featured_media":0,"parent":0,"menu_order":0,"comment_status":"closed","ping_status":"closed","template":"","meta":{"footnotes":""},"class_list":["post-21","page","type-page","status-publish","hentry"],"yoast_head":"<!-- This site is optimized with the Yoast SEO plugin v23.4 - https:\/\/yoast.com\/wordpress\/plugins\/seo\/ -->\n<title>O metodzie - Psycholog Anna Ulfig<\/title>\n<meta name=\"description\" content=\"Psycholog Anna Ulfig, gabinet psychologiczny Czelad\u017a, wsparcie psychologiczne, metoda ustawie\u0144 systemowych\" \/>\n<meta name=\"robots\" content=\"index, follow, max-snippet:-1, max-image-preview:large, max-video-preview:-1\" \/>\n<link rel=\"canonical\" href=\"https:\/\/psycholog-czeladz.pl\/?page_id=21\" \/>\n<meta property=\"og:locale\" content=\"pl_PL\" \/>\n<meta property=\"og:type\" content=\"article\" \/>\n<meta property=\"og:title\" content=\"O metodzie - Psycholog Anna Ulfig\" \/>\n<meta property=\"og:description\" content=\"Psycholog Anna Ulfig, gabinet psychologiczny Czelad\u017a, wsparcie psychologiczne, metoda ustawie\u0144 systemowych\" \/>\n<meta property=\"og:url\" content=\"https:\/\/psycholog-czeladz.pl\/?page_id=21\" \/>\n<meta property=\"og:site_name\" content=\"Psycholog Anna Ulfig\" \/>\n<meta property=\"article:modified_time\" content=\"2024-04-18T06:02:24+00:00\" \/>\n<meta name=\"twitter:card\" content=\"summary_large_image\" \/>\n<meta name=\"twitter:label1\" content=\"Szacowany czas czytania\" \/>\n\t<meta name=\"twitter:data1\" content=\"1 minuta\" \/>\n<script type=\"application\/ld+json\" class=\"yoast-schema-graph\">{\"@context\":\"https:\/\/schema.org\",\"@graph\":[{\"@type\":\"WebPage\",\"@id\":\"https:\/\/psycholog-czeladz.pl\/?page_id=21\",\"url\":\"https:\/\/psycholog-czeladz.pl\/?page_id=21\",\"name\":\"O metodzie - Psycholog Anna Ulfig\",\"isPartOf\":{\"@id\":\"https:\/\/psycholog-czeladz.pl\/#website\"},\"datePublished\":\"2020-10-31T11:21:08+00:00\",\"dateModified\":\"2024-04-18T06:02:24+00:00\",\"description\":\"Psycholog Anna Ulfig, gabinet psychologiczny Czelad\u017a, wsparcie psychologiczne, metoda ustawie\u0144 systemowych\",\"breadcrumb\":{\"@id\":\"https:\/\/psycholog-czeladz.pl\/?page_id=21#breadcrumb\"},\"inLanguage\":\"pl-PL\",\"potentialAction\":[{\"@type\":\"ReadAction\",\"target\":[\"https:\/\/psycholog-czeladz.pl\/?page_id=21\"]}]},{\"@type\":\"BreadcrumbList\",\"@id\":\"https:\/\/psycholog-czeladz.pl\/?page_id=21#breadcrumb\",\"itemListElement\":[{\"@type\":\"ListItem\",\"position\":1,\"name\":\"Strona g\u0142\u00f3wna\",\"item\":\"https:\/\/psycholog-czeladz.pl\/\"},{\"@type\":\"ListItem\",\"position\":2,\"name\":\"O metodzie\"}]},{\"@type\":\"WebSite\",\"@id\":\"https:\/\/psycholog-czeladz.pl\/#website\",\"url\":\"https:\/\/psycholog-czeladz.pl\/\",\"name\":\"Psycholog Anna Ulfig\",\"description\":\"Zadzwo\u0144: +48 507 179 059\",\"potentialAction\":[{\"@type\":\"SearchAction\",\"target\":{\"@type\":\"EntryPoint\",\"urlTemplate\":\"https:\/\/psycholog-czeladz.pl\/?s={search_term_string}\"},\"query-input\":{\"@type\":\"PropertyValueSpecification\",\"valueRequired\":true,\"valueName\":\"search_term_string\"}}],\"inLanguage\":\"pl-PL\"}]}<\/script>\n<!-- \/ Yoast SEO plugin. -->","yoast_head_json":{"title":"O metodzie - Psycholog Anna Ulfig","description":"Psycholog Anna Ulfig, gabinet psychologiczny Czelad\u017a, wsparcie psychologiczne, metoda ustawie\u0144 systemowych","robots":{"index":"index","follow":"follow","max-snippet":"max-snippet:-1","max-image-preview":"max-image-preview:large","max-video-preview":"max-video-preview:-1"},"canonical":"https:\/\/psycholog-czeladz.pl\/?page_id=21","og_locale":"pl_PL","og_type":"article","og_title":"O metodzie - Psycholog Anna Ulfig","og_description":"Psycholog Anna Ulfig, gabinet psychologiczny Czelad\u017a, wsparcie psychologiczne, metoda ustawie\u0144 systemowych","og_url":"https:\/\/psycholog-czeladz.pl\/?page_id=21","og_site_name":"Psycholog Anna Ulfig","article_modified_time":"2024-04-18T06:02:24+00:00","twitter_card":"summary_large_image","twitter_misc":{"Szacowany czas czytania":"1 minuta"},"schema":{"@context":"https:\/\/schema.org","@graph":[{"@type":"WebPage","@id":"https:\/\/psycholog-czeladz.pl\/?page_id=21","url":"https:\/\/psycholog-czeladz.pl\/?page_id=21","name":"O metodzie - Psycholog Anna Ulfig","isPartOf":{"@id":"https:\/\/psycholog-czeladz.pl\/#website"},"datePublished":"2020-10-31T11:21:08+00:00","dateModified":"2024-04-18T06:02:24+00:00","description":"Psycholog Anna Ulfig, gabinet psychologiczny Czelad\u017a, wsparcie psychologiczne, metoda ustawie\u0144 systemowych","breadcrumb":{"@id":"https:\/\/psycholog-czeladz.pl\/?page_id=21#breadcrumb"},"inLanguage":"pl-PL","potentialAction":[{"@type":"ReadAction","target":["https:\/\/psycholog-czeladz.pl\/?page_id=21"]}]},{"@type":"BreadcrumbList","@id":"https:\/\/psycholog-czeladz.pl\/?page_id=21#breadcrumb","itemListElement":[{"@type":"ListItem","position":1,"name":"Strona g\u0142\u00f3wna","item":"https:\/\/psycholog-czeladz.pl\/"},{"@type":"ListItem","position":2,"name":"O metodzie"}]},{"@type":"WebSite","@id":"https:\/\/psycholog-czeladz.pl\/#website","url":"https:\/\/psycholog-czeladz.pl\/","name":"Psycholog Anna Ulfig","description":"Zadzwo\u0144: +48 507 179 059","potentialAction":[{"@type":"SearchAction","target":{"@type":"EntryPoint","urlTemplate":"https:\/\/psycholog-czeladz.pl\/?s={search_term_string}"},"query-input":{"@type":"PropertyValueSpecification","valueRequired":true,"valueName":"search_term_string"}}],"inLanguage":"pl-PL"}]}},"_links":{"self":[{"href":"https:\/\/psycholog-czeladz.pl\/index.php?rest_route=\/wp\/v2\/pages\/21","targetHints":{"allow":["GET"]}}],"collection":[{"href":"https:\/\/psycholog-czeladz.pl\/index.php?rest_route=\/wp\/v2\/pages"}],"about":[{"href":"https:\/\/psycholog-czeladz.pl\/index.php?rest_route=\/wp\/v2\/types\/page"}],"author":[{"embeddable":true,"href":"https:\/\/psycholog-czeladz.pl\/index.php?rest_route=\/wp\/v2\/users\/1"}],"replies":[{"embeddable":true,"href":"https:\/\/psycholog-czeladz.pl\/index.php?rest_route=%2Fwp%2Fv2%2Fcomments&post=21"}],"version-history":[{"count":4,"href":"https:\/\/psycholog-czeladz.pl\/index.php?rest_route=\/wp\/v2\/pages\/21\/revisions"}],"predecessor-version":[{"id":191,"href":"https:\/\/psycholog-czeladz.pl\/index.php?rest_route=\/wp\/v2\/pages\/21\/revisions\/191"}],"wp:attachment":[{"href":"https:\/\/psycholog-czeladz.pl\/index.php?rest_route=%2Fwp%2Fv2%2Fmedia&parent=21"}],"curies":[{"name":"wp","href":"https:\/\/api.w.org\/{rel}","templated":true}]}}