{"id":22,"date":"2020-10-31T12:21:08","date_gmt":"2020-10-31T11:21:08","guid":{"rendered":"https:\/\/psycholog-czeladz.pl\/?page_id=22"},"modified":"2026-04-21T13:16:52","modified_gmt":"2026-04-21T11:16:52","slug":"kontakt","status":"publish","type":"page","link":"https:\/\/psycholog-czeladz.pl\/?page_id=22","title":{"rendered":"Kontakt"},"content":{"rendered":"\t\t<div data-elementor-type=\"wp-page\" data-elementor-id=\"22\" class=\"elementor elementor-22\">\n\t\t\t\t\t\t<div class=\"elementor-inner\">\n\t\t\t\t<div class=\"elementor-section-wrap\">\n\t\t\t\t\t\t\t\t\t<section class=\"elementor-section elementor-top-section elementor-element elementor-element-6d69b730 elementor-section-boxed elementor-section-height-default elementor-section-height-default\" data-id=\"6d69b730\" data-element_type=\"section\">\n\t\t\t\t\t\t<div class=\"elementor-container elementor-column-gap-default\">\n\t\t\t\t\t\t\t<div class=\"elementor-row\">\n\t\t\t\t\t<div class=\"elementor-column elementor-col-100 elementor-top-column elementor-element elementor-element-3f52cd8d\" data-id=\"3f52cd8d\" data-element_type=\"column\">\n\t\t\t<div class=\"elementor-column-wrap elementor-element-populated\">\n\t\t\t\t\t\t\t<div class=\"elementor-widget-wrap\">\n\t\t\t\t\t\t<div class=\"elementor-element elementor-element-128d69b3 elementor-widget elementor-widget-text-editor\" data-id=\"128d69b3\" data-element_type=\"widget\" data-widget_type=\"text-editor.default\">\n\t\t\t\t<div class=\"elementor-widget-container\">\n\t\t\t\t\t\t\t\t<div class=\"elementor-text-editor elementor-clearfix\">\n\t\t\t\t<p>Anna Ulfig<\/p>\n<p><!-- \/wp:paragraph --><\/p>\n<p><!-- wp:paragraph --><\/p>\n<p>tel.\u00a0<a href=\"tel:0048507179059\">507 179 059<\/a><\/p>\n<p><!-- \/wp:paragraph --><\/p>\n<p><!-- wp:paragraph --><\/p>\n<p><a href=\"mailto:psycholog.anna.ulfig@gmail.com\">psycholog.anna.ulfig@gmail.com<\/a><\/p>\n<p><!-- \/wp:paragraph --><\/p>\n<p><!-- wp:paragraph --><\/p>\n<p><a href=\"https:\/\/www.facebook.com\/psycholog.anna.koziel\">facebook<\/a><\/p>\n<p>Przyjmuj\u0119 w:<\/p>\n<p>&#8211; Czeladzi od poniedzia\u0142ku do pi\u0105tku<\/p>\n<p>(po wcze\u015bniejszym um\u00f3wieniu pod nr tel.\u00a0<\/p>\n<p><a href=\"tel:+48507179059\">507 179 059<\/a>)<\/p>\n<p><b>Cena: 180 z\u0142 za 50 minut.<\/b><\/p>\n<p>\u00a0<\/p>\n<p><span style=\"font-weight: bold; font-family: Roboto, sans-serif; font-size: 14px; font-style: normal;\">\u00a0<\/span><\/p>\n<p><!-- \/wp:paragraph --><\/p>\n<p><!-- wp:list --><\/p>\n<p><!-- \/wp:list --><\/p>\n<p><!-- wp:paragraph --><\/p>\n<p><strong>Dane firmy:<\/strong><\/p>\n<p><!-- \/wp:paragraph --><\/p>\n<p><!-- wp:paragraph --><\/p>\n<p>Anna Ulfig Us\u0142ugi Psychologiczne<\/p>\n<p><!-- \/wp:paragraph --><\/p>\n<p><!-- wp:paragraph --><\/p>\n<p>ul. Boguckiego 12<\/p>\n<p><!-- \/wp:paragraph --><\/p>\n<p><!-- wp:paragraph --><\/p>\n<p>41-250 Czelad\u017a<\/p>\n<p><!-- \/wp:paragraph --><\/p>\n<p><!-- wp:paragraph --><\/p>\n<p>NIP: 625 212 36 56<\/p>\n<p><!-- \/wp:paragraph --><\/p>\n<p><!-- wp:paragraph --><\/p>\n<p>Regon: 243555623<\/p>\n<p><!-- \/wp:paragraph --><\/p>\n<p><!-- wp:paragraph --><\/p>\n<p>ING Bank \u015al\u0105ski SA:\u00a0<\/p>\n<p>28 1050 1269 1000 0091 4678 1332<\/p>\n<p><!-- \/wp:paragraph --><\/p>\n<p><!-- wp:paragraph --><\/p>\n<p>\u00a0<\/p>\n<p>Gabinet Czelad\u017a:<\/p>\n<p>\u00a0<\/p>\n<p><!-- \/wp:paragraph --><\/p>\n<p><!-- wp:paragraph --><\/p>\n<p><!-- \/wp:paragraph --><\/p>\t\t\t\t\t<\/div>\n\t\t\t\t\t\t<\/div>\n\t\t\t\t<\/div>\n\t\t\t\t<div class=\"elementor-element elementor-element-d042314 elementor-widget elementor-widget-google_maps\" data-id=\"d042314\" data-element_type=\"widget\" data-widget_type=\"google_maps.default\">\n\t\t\t\t<div class=\"elementor-widget-container\">\n\t\t\t\t\t<div class=\"elementor-custom-embed\">\n\t\t\t<iframe loading=\"lazy\"\n\t\t\t\t\tsrc=\"https:\/\/maps.google.com\/maps?q=psychlog%20anna%20ulfig&#038;t=m&#038;z=14&#038;output=embed&#038;iwloc=near\"\n\t\t\t\t\ttitle=\"psychlog anna ulfig\"\n\t\t\t\t\taria-label=\"psychlog anna ulfig\"\n\t\t\t><\/iframe>\n\t\t<\/div>\n\t\t\t\t<\/div>\n\t\t\t\t<\/div>\n\t\t\t\t\t\t<\/div>\n\t\t\t\t\t<\/div>\n\t\t<\/div>\n\t\t\t\t\t\t\t\t<\/div>\n\t\t\t\t\t<\/div>\n\t\t<\/section>\n\t\t\t\t<section class=\"elementor-section elementor-top-section elementor-element elementor-element-f451d17 elementor-section-boxed elementor-section-height-default elementor-section-height-default\" data-id=\"f451d17\" data-element_type=\"section\">\n\t\t\t\t\t\t<div class=\"elementor-container elementor-column-gap-default\">\n\t\t\t\t\t\t\t<div class=\"elementor-row\">\n\t\t\t\t\t<div class=\"elementor-column elementor-col-100 elementor-top-column elementor-element elementor-element-f608be2\" data-id=\"f608be2\" data-element_type=\"column\">\n\t\t\t<div class=\"elementor-column-wrap\">\n\t\t\t\t\t\t\t<div class=\"elementor-widget-wrap\">\n\t\t\t\t\t\t\t\t<\/div>\n\t\t\t\t\t<\/div>\n\t\t<\/div>\n\t\t\t\t\t\t\t\t<\/div>\n\t\t\t\t\t<\/div>\n\t\t<\/section>\n\t\t\t\t<section class=\"elementor-section elementor-top-section elementor-element elementor-element-1c20e7f elementor-section-boxed elementor-section-height-default elementor-section-height-default\" data-id=\"1c20e7f\" data-element_type=\"section\">\n\t\t\t\t\t\t<div class=\"elementor-container elementor-column-gap-default\">\n\t\t\t\t\t\t\t<div class=\"elementor-row\">\n\t\t\t\t\t<div class=\"elementor-column elementor-col-100 elementor-top-column elementor-element elementor-element-7ce2eb0\" data-id=\"7ce2eb0\" data-element_type=\"column\">\n\t\t\t<div class=\"elementor-column-wrap\">\n\t\t\t\t\t\t\t<div class=\"elementor-widget-wrap\">\n\t\t\t\t\t\t\t\t<\/div>\n\t\t\t\t\t<\/div>\n\t\t<\/div>\n\t\t\t\t\t\t\t\t<\/div>\n\t\t\t\t\t<\/div>\n\t\t<\/section>\n\t\t\t\t<section class=\"elementor-section elementor-top-section elementor-element elementor-element-9e8d826 elementor-section-boxed elementor-section-height-default elementor-section-height-default\" data-id=\"9e8d826\" data-element_type=\"section\">\n\t\t\t\t\t\t<div class=\"elementor-container elementor-column-gap-default\">\n\t\t\t\t\t\t\t<div class=\"elementor-row\">\n\t\t\t\t\t<div class=\"elementor-column elementor-col-100 elementor-top-column elementor-element elementor-element-b59a919\" data-id=\"b59a919\" data-element_type=\"column\">\n\t\t\t<div class=\"elementor-column-wrap elementor-element-populated\">\n\t\t\t\t\t\t\t<div class=\"elementor-widget-wrap\">\n\t\t\t\t\t\t<div class=\"elementor-element elementor-element-13c1747 elementor-widget elementor-widget-text-editor\" data-id=\"13c1747\" data-element_type=\"widget\" data-widget_type=\"text-editor.default\">\n\t\t\t\t<div class=\"elementor-widget-container\">\n\t\t\t\t\t\t\t\t<div class=\"elementor-text-editor elementor-clearfix\">\n\t\t\t\t<p><a href=\"https:\/\/psycholog-czeladz.pl\/\">Powr\u00f3t do strony g\u0142\u00f3wnej.<\/a><\/p>\t\t\t\t\t<\/div>\n\t\t\t\t\t\t<\/div>\n\t\t\t\t<\/div>\n\t\t\t\t\t\t<\/div>\n\t\t\t\t\t<\/div>\n\t\t<\/div>\n\t\t\t\t\t\t\t\t<\/div>\n\t\t\t\t\t<\/div>\n\t\t<\/section>\n\t\t\t\t\t\t\t\t\t<\/div>\n\t\t\t<\/div>\n\t\t\t\t\t<\/div>\n\t\t","protected":false},"excerpt":{"rendered":"<p>Anna Ulfig tel.\u00a0507 179 059 psycholog.anna.ulfig@gmail.com facebook Przyjmuj\u0119 w: &#8211; Czeladzi od poniedzia\u0142ku do pi\u0105tku (po wcze\u015bniejszym um\u00f3wieniu pod nr [&hellip;]<\/p>\n","protected":false},"author":1,"featured_media":0,"parent":0,"menu_order":0,"comment_status":"closed","ping_status":"closed","template":"","meta":{"footnotes":""},"class_list":["post-22","page","type-page","status-publish","hentry"],"yoast_head":"<!-- This site is optimized with the Yoast SEO plugin v23.4 - https:\/\/yoast.com\/wordpress\/plugins\/seo\/ -->\n<title>Psycholog Anna Ulfig, gabinet psychologiczny Czelad\u017a<\/title>\n<meta name=\"description\" content=\"Psycholog Anna Ulfig, gabinet psychologiczny Czelad\u017a, porada psychologiczna, wsparcie psychologiczne. Zadzwo\u0144 +48 507 179 059.\" \/>\n<meta name=\"robots\" content=\"index, follow, max-snippet:-1, max-image-preview:large, max-video-preview:-1\" \/>\n<link rel=\"canonical\" href=\"https:\/\/psycholog-czeladz.pl\/?page_id=22\" \/>\n<meta property=\"og:locale\" content=\"pl_PL\" \/>\n<meta property=\"og:type\" content=\"article\" \/>\n<meta property=\"og:title\" content=\"Psycholog Anna Ulfig, gabinet psychologiczny Czelad\u017a\" \/>\n<meta property=\"og:description\" content=\"Psycholog Anna Ulfig, gabinet psychologiczny Czelad\u017a, porada psychologiczna, wsparcie psychologiczne. Zadzwo\u0144 +48 507 179 059.\" \/>\n<meta property=\"og:url\" content=\"https:\/\/psycholog-czeladz.pl\/?page_id=22\" \/>\n<meta property=\"og:site_name\" content=\"Psycholog Anna Ulfig\" \/>\n<meta property=\"article:modified_time\" content=\"2026-04-21T11:16:52+00:00\" \/>\n<meta name=\"twitter:card\" content=\"summary_large_image\" \/>\n<meta name=\"twitter:label1\" content=\"Szacowany czas czytania\" \/>\n\t<meta name=\"twitter:data1\" content=\"1 minuta\" \/>\n<script type=\"application\/ld+json\" class=\"yoast-schema-graph\">{\"@context\":\"https:\/\/schema.org\",\"@graph\":[{\"@type\":\"WebPage\",\"@id\":\"https:\/\/psycholog-czeladz.pl\/?page_id=22\",\"url\":\"https:\/\/psycholog-czeladz.pl\/?page_id=22\",\"name\":\"Psycholog Anna Ulfig, gabinet psychologiczny Czelad\u017a\",\"isPartOf\":{\"@id\":\"https:\/\/psycholog-czeladz.pl\/#website\"},\"datePublished\":\"2020-10-31T11:21:08+00:00\",\"dateModified\":\"2026-04-21T11:16:52+00:00\",\"description\":\"Psycholog Anna Ulfig, gabinet psychologiczny Czelad\u017a, porada psychologiczna, wsparcie psychologiczne. Zadzwo\u0144 +48 507 179 059.\",\"breadcrumb\":{\"@id\":\"https:\/\/psycholog-czeladz.pl\/?page_id=22#breadcrumb\"},\"inLanguage\":\"pl-PL\",\"potentialAction\":[{\"@type\":\"ReadAction\",\"target\":[\"https:\/\/psycholog-czeladz.pl\/?page_id=22\"]}]},{\"@type\":\"BreadcrumbList\",\"@id\":\"https:\/\/psycholog-czeladz.pl\/?page_id=22#breadcrumb\",\"itemListElement\":[{\"@type\":\"ListItem\",\"position\":1,\"name\":\"Strona g\u0142\u00f3wna\",\"item\":\"https:\/\/psycholog-czeladz.pl\/\"},{\"@type\":\"ListItem\",\"position\":2,\"name\":\"Kontakt\"}]},{\"@type\":\"WebSite\",\"@id\":\"https:\/\/psycholog-czeladz.pl\/#website\",\"url\":\"https:\/\/psycholog-czeladz.pl\/\",\"name\":\"Psycholog Anna Ulfig\",\"description\":\"Zadzwo\u0144: +48 507 179 059\",\"potentialAction\":[{\"@type\":\"SearchAction\",\"target\":{\"@type\":\"EntryPoint\",\"urlTemplate\":\"https:\/\/psycholog-czeladz.pl\/?s={search_term_string}\"},\"query-input\":{\"@type\":\"PropertyValueSpecification\",\"valueRequired\":true,\"valueName\":\"search_term_string\"}}],\"inLanguage\":\"pl-PL\"}]}<\/script>\n<!-- \/ Yoast SEO plugin. -->","yoast_head_json":{"title":"Psycholog Anna Ulfig, gabinet psychologiczny Czelad\u017a","description":"Psycholog Anna Ulfig, gabinet psychologiczny Czelad\u017a, porada psychologiczna, wsparcie psychologiczne. Zadzwo\u0144 +48 507 179 059.","robots":{"index":"index","follow":"follow","max-snippet":"max-snippet:-1","max-image-preview":"max-image-preview:large","max-video-preview":"max-video-preview:-1"},"canonical":"https:\/\/psycholog-czeladz.pl\/?page_id=22","og_locale":"pl_PL","og_type":"article","og_title":"Psycholog Anna Ulfig, gabinet psychologiczny Czelad\u017a","og_description":"Psycholog Anna Ulfig, gabinet psychologiczny Czelad\u017a, porada psychologiczna, wsparcie psychologiczne. Zadzwo\u0144 +48 507 179 059.","og_url":"https:\/\/psycholog-czeladz.pl\/?page_id=22","og_site_name":"Psycholog Anna Ulfig","article_modified_time":"2026-04-21T11:16:52+00:00","twitter_card":"summary_large_image","twitter_misc":{"Szacowany czas czytania":"1 minuta"},"schema":{"@context":"https:\/\/schema.org","@graph":[{"@type":"WebPage","@id":"https:\/\/psycholog-czeladz.pl\/?page_id=22","url":"https:\/\/psycholog-czeladz.pl\/?page_id=22","name":"Psycholog Anna Ulfig, gabinet psychologiczny Czelad\u017a","isPartOf":{"@id":"https:\/\/psycholog-czeladz.pl\/#website"},"datePublished":"2020-10-31T11:21:08+00:00","dateModified":"2026-04-21T11:16:52+00:00","description":"Psycholog Anna Ulfig, gabinet psychologiczny Czelad\u017a, porada psychologiczna, wsparcie psychologiczne. Zadzwo\u0144 +48 507 179 059.","breadcrumb":{"@id":"https:\/\/psycholog-czeladz.pl\/?page_id=22#breadcrumb"},"inLanguage":"pl-PL","potentialAction":[{"@type":"ReadAction","target":["https:\/\/psycholog-czeladz.pl\/?page_id=22"]}]},{"@type":"BreadcrumbList","@id":"https:\/\/psycholog-czeladz.pl\/?page_id=22#breadcrumb","itemListElement":[{"@type":"ListItem","position":1,"name":"Strona g\u0142\u00f3wna","item":"https:\/\/psycholog-czeladz.pl\/"},{"@type":"ListItem","position":2,"name":"Kontakt"}]},{"@type":"WebSite","@id":"https:\/\/psycholog-czeladz.pl\/#website","url":"https:\/\/psycholog-czeladz.pl\/","name":"Psycholog Anna Ulfig","description":"Zadzwo\u0144: +48 507 179 059","potentialAction":[{"@type":"SearchAction","target":{"@type":"EntryPoint","urlTemplate":"https:\/\/psycholog-czeladz.pl\/?s={search_term_string}"},"query-input":{"@type":"PropertyValueSpecification","valueRequired":true,"valueName":"search_term_string"}}],"inLanguage":"pl-PL"}]}},"_links":{"self":[{"href":"https:\/\/psycholog-czeladz.pl\/index.php?rest_route=\/wp\/v2\/pages\/22","targetHints":{"allow":["GET"]}}],"collection":[{"href":"https:\/\/psycholog-czeladz.pl\/index.php?rest_route=\/wp\/v2\/pages"}],"about":[{"href":"https:\/\/psycholog-czeladz.pl\/index.php?rest_route=\/wp\/v2\/types\/page"}],"author":[{"embeddable":true,"href":"https:\/\/psycholog-czeladz.pl\/index.php?rest_route=\/wp\/v2\/users\/1"}],"replies":[{"embeddable":true,"href":"https:\/\/psycholog-czeladz.pl\/index.php?rest_route=%2Fwp%2Fv2%2Fcomments&post=22"}],"version-history":[{"count":38,"href":"https:\/\/psycholog-czeladz.pl\/index.php?rest_route=\/wp\/v2\/pages\/22\/revisions"}],"predecessor-version":[{"id":205,"href":"https:\/\/psycholog-czeladz.pl\/index.php?rest_route=\/wp\/v2\/pages\/22\/revisions\/205"}],"wp:attachment":[{"href":"https:\/\/psycholog-czeladz.pl\/index.php?rest_route=%2Fwp%2Fv2%2Fmedia&parent=22"}],"curies":[{"name":"wp","href":"https:\/\/api.w.org\/{rel}","templated":true}]}}