{"id":75,"date":"2020-10-31T13:45:22","date_gmt":"2020-10-31T12:45:22","guid":{"rendered":"https:\/\/psycholog-czeladz.pl\/?page_id=75"},"modified":"2026-04-21T13:11:56","modified_gmt":"2026-04-21T11:11:56","slug":"strona-glowna","status":"publish","type":"page","link":"https:\/\/psycholog-czeladz.pl\/","title":{"rendered":"Strona g\u0142\u00f3wna"},"content":{"rendered":"\t\t<div data-elementor-type=\"wp-page\" data-elementor-id=\"75\" class=\"elementor elementor-75\">\n\t\t\t\t\t\t<div class=\"elementor-inner\">\n\t\t\t\t<div class=\"elementor-section-wrap\">\n\t\t\t\t\t\t\t\t\t<section class=\"elementor-section elementor-top-section elementor-element elementor-element-7e81b404 elementor-section-boxed elementor-section-height-default elementor-section-height-default\" data-id=\"7e81b404\" data-element_type=\"section\">\n\t\t\t\t\t\t<div class=\"elementor-container elementor-column-gap-default\">\n\t\t\t\t\t\t\t<div class=\"elementor-row\">\n\t\t\t\t\t<div class=\"elementor-column elementor-col-100 elementor-top-column elementor-element elementor-element-a58465e\" data-id=\"a58465e\" data-element_type=\"column\">\n\t\t\t<div class=\"elementor-column-wrap elementor-element-populated\">\n\t\t\t\t\t\t\t<div class=\"elementor-widget-wrap\">\n\t\t\t\t\t\t<div class=\"elementor-element elementor-element-24064550 elementor-widget elementor-widget-text-editor\" data-id=\"24064550\" data-element_type=\"widget\" data-widget_type=\"text-editor.default\">\n\t\t\t\t<div class=\"elementor-widget-container\">\n\t\t\t\t\t\t\t\t<div class=\"elementor-text-editor elementor-clearfix\">\n\t\t\t\t<!-- wp:paragraph {\"fontSize\":\"medium\"} -->\n<p class=\"has-medium-font-size\"><strong>Anna Ulfig<\/strong> <strong>Psycholog Czelad\u017a <\/strong><\/p>\n<!-- \/wp:paragraph --><!-- wp:paragraph -->\n<p>Witam na stronie gabinetu psychologicznego.<\/p>\n<!-- \/wp:paragraph --><!-- wp:paragraph -->\n<p>Nazywam si\u0119\u00a0<a href=\"https:\/\/psycholog-czeladz.pl\/?page_id=16\">Anna Ulfig<\/a> i zajmuj\u0119 si\u0119 psychoterapi\u0105 indywidualn\u0105.<\/p>\n<!-- \/wp:paragraph --><!-- wp:paragraph --><!-- \/wp:paragraph --><!-- wp:paragraph -->\n<p>Oferta gabinetu psychologicznego skierowana do os\u00f3b doros\u0142ych:<\/p>\n<!-- \/wp:paragraph --><!-- wp:paragraph -->\n<p>\u2013 do\u015bwiadczaj\u0105cych problem\u00f3w emocjonalnych lub zdrowotnych,<\/p>\n<!-- \/wp:paragraph --><!-- wp:paragraph -->\n<p>\u2013 trudno\u015bci w \u017cyciu zawodowym i rodzinnym a tak\u017ce w kontaktach interpersonalnych,<\/p>\n<!-- \/wp:paragraph --><!-- wp:paragraph -->\n<p>\u2013 zainteresowanych rozwojem osobistym, poszukiwaniem w\u0142asnych zdolno\u015bci, zasob\u00f3w osobistych,<\/p>\n<!-- \/wp:paragraph --><!-- wp:paragraph -->\n<p>\u2013 os\u00f3b do\u015bwiadczaj\u0105cych choroby nowotworowej oraz ich rodzin.<\/p>\n<!-- \/wp:paragraph --><!-- wp:paragraph -->\n<p>Oferta dla m\u0142odzie\u017cy:<\/p>\n<!-- \/wp:paragraph --><!-- wp:paragraph -->\n<p>\u2013 problemy w kontaktach z r\u00f3wie\u015bnikami lub opiekunami,<\/p>\n<!-- \/wp:paragraph --><!-- wp:paragraph -->\n<p>\u2013 nie\u015bmia\u0142o\u015b\u0107, niska samoocena,<\/p>\n<!-- \/wp:paragraph --><!-- wp:paragraph -->\n<p>\u2013 trudno\u015bci z nauk\u0105,<\/p>\n<!-- \/wp:paragraph --><!-- wp:paragraph -->\n<p>\u2013 do\u015bwiadczanie straty lub wykluczenia.<\/p>\n<!-- \/wp:paragraph --><!-- wp:paragraph -->\n<p>Osoby niepe\u0142noletnie poszukuj\u0105ce wsparcia b\u0105d\u017a pomocy psychologicznej, musz\u0105 uzyska\u0107 zgod\u0119 rodzic\u00f3w lub opiekun\u00f3w prawnych.<\/p>\n<!-- \/wp:paragraph --><!-- wp:paragraph -->\n<p>Przyjmuj\u0119 w prywatnym gabinecie w Czeladzi<\/p>\n<!-- \/wp:paragraph --><!-- wp:paragraph -->\n<p>\u00a0<\/p>\n<!-- \/wp:paragraph -->\t\t\t\t\t<\/div>\n\t\t\t\t\t\t<\/div>\n\t\t\t\t<\/div>\n\t\t\t\t\t\t<\/div>\n\t\t\t\t\t<\/div>\n\t\t<\/div>\n\t\t\t\t\t\t\t\t<\/div>\n\t\t\t\t\t<\/div>\n\t\t<\/section>\n\t\t\t\t\t\t\t\t\t<\/div>\n\t\t\t<\/div>\n\t\t\t\t\t<\/div>\n\t\t","protected":false},"excerpt":{"rendered":"<p>Anna Ulfig Psycholog Czelad\u017a Witam na stronie gabinetu psychologicznego. Nazywam si\u0119\u00a0Anna Ulfig i zajmuj\u0119 si\u0119 psychoterapi\u0105 indywidualn\u0105. Oferta gabinetu psychologicznego [&hellip;]<\/p>\n","protected":false},"author":1,"featured_media":0,"parent":0,"menu_order":0,"comment_status":"closed","ping_status":"closed","template":"","meta":{"footnotes":""},"class_list":["post-75","page","type-page","status-publish","hentry"],"yoast_head":"<!-- This site is optimized with the Yoast SEO plugin v23.4 - https:\/\/yoast.com\/wordpress\/plugins\/seo\/ -->\n<title>Anna Ulfig Psycholog Czelad\u017a, www.psycholog-czeladz.pl<\/title>\n<meta name=\"description\" content=\"Psycholog Anna Ulfig, gabinet psychologiczny Czelad\u017a, psychoterapia i wsparcie psychologiczne dla doros\u0142ych i m\u0142odzie\u017cy.\" \/>\n<meta name=\"robots\" content=\"index, follow, max-snippet:-1, max-image-preview:large, max-video-preview:-1\" \/>\n<link rel=\"canonical\" href=\"https:\/\/psycholog-czeladz.pl\/\" \/>\n<meta property=\"og:locale\" content=\"pl_PL\" \/>\n<meta property=\"og:type\" content=\"article\" \/>\n<meta property=\"og:title\" content=\"Anna Ulfig Psycholog Czelad\u017a, www.psycholog-czeladz.pl\" \/>\n<meta property=\"og:description\" content=\"Psycholog Anna Ulfig, gabinet psychologiczny Czelad\u017a, psychoterapia i wsparcie psychologiczne dla doros\u0142ych i m\u0142odzie\u017cy.\" \/>\n<meta property=\"og:url\" content=\"https:\/\/psycholog-czeladz.pl\/\" \/>\n<meta property=\"og:site_name\" content=\"Psycholog Anna Ulfig\" \/>\n<meta property=\"article:modified_time\" content=\"2026-04-21T11:11:56+00:00\" \/>\n<meta name=\"twitter:card\" content=\"summary_large_image\" \/>\n<meta name=\"twitter:label1\" content=\"Szacowany czas czytania\" \/>\n\t<meta name=\"twitter:data1\" content=\"1 minuta\" \/>\n<script type=\"application\/ld+json\" class=\"yoast-schema-graph\">{\"@context\":\"https:\/\/schema.org\",\"@graph\":[{\"@type\":\"WebPage\",\"@id\":\"https:\/\/psycholog-czeladz.pl\/\",\"url\":\"https:\/\/psycholog-czeladz.pl\/\",\"name\":\"Anna Ulfig Psycholog Czelad\u017a, www.psycholog-czeladz.pl\",\"isPartOf\":{\"@id\":\"https:\/\/psycholog-czeladz.pl\/#website\"},\"datePublished\":\"2020-10-31T12:45:22+00:00\",\"dateModified\":\"2026-04-21T11:11:56+00:00\",\"description\":\"Psycholog Anna Ulfig, gabinet psychologiczny Czelad\u017a, psychoterapia i wsparcie psychologiczne dla doros\u0142ych i m\u0142odzie\u017cy.\",\"breadcrumb\":{\"@id\":\"https:\/\/psycholog-czeladz.pl\/#breadcrumb\"},\"inLanguage\":\"pl-PL\",\"potentialAction\":[{\"@type\":\"ReadAction\",\"target\":[\"https:\/\/psycholog-czeladz.pl\/\"]}]},{\"@type\":\"BreadcrumbList\",\"@id\":\"https:\/\/psycholog-czeladz.pl\/#breadcrumb\",\"itemListElement\":[{\"@type\":\"ListItem\",\"position\":1,\"name\":\"Strona g\u0142\u00f3wna\",\"item\":\"https:\/\/psycholog-czeladz.pl\/\"},{\"@type\":\"ListItem\",\"position\":2,\"name\":\"Strona g\u0142\u00f3wna\"}]},{\"@type\":\"WebSite\",\"@id\":\"https:\/\/psycholog-czeladz.pl\/#website\",\"url\":\"https:\/\/psycholog-czeladz.pl\/\",\"name\":\"Psycholog Anna Ulfig\",\"description\":\"Zadzwo\u0144: +48 507 179 059\",\"potentialAction\":[{\"@type\":\"SearchAction\",\"target\":{\"@type\":\"EntryPoint\",\"urlTemplate\":\"https:\/\/psycholog-czeladz.pl\/?s={search_term_string}\"},\"query-input\":{\"@type\":\"PropertyValueSpecification\",\"valueRequired\":true,\"valueName\":\"search_term_string\"}}],\"inLanguage\":\"pl-PL\"}]}<\/script>\n<!-- \/ Yoast SEO plugin. -->","yoast_head_json":{"title":"Anna Ulfig Psycholog Czelad\u017a, www.psycholog-czeladz.pl","description":"Psycholog Anna Ulfig, gabinet psychologiczny Czelad\u017a, psychoterapia i wsparcie psychologiczne dla doros\u0142ych i m\u0142odzie\u017cy.","robots":{"index":"index","follow":"follow","max-snippet":"max-snippet:-1","max-image-preview":"max-image-preview:large","max-video-preview":"max-video-preview:-1"},"canonical":"https:\/\/psycholog-czeladz.pl\/","og_locale":"pl_PL","og_type":"article","og_title":"Anna Ulfig Psycholog Czelad\u017a, www.psycholog-czeladz.pl","og_description":"Psycholog Anna Ulfig, gabinet psychologiczny Czelad\u017a, psychoterapia i wsparcie psychologiczne dla doros\u0142ych i m\u0142odzie\u017cy.","og_url":"https:\/\/psycholog-czeladz.pl\/","og_site_name":"Psycholog Anna Ulfig","article_modified_time":"2026-04-21T11:11:56+00:00","twitter_card":"summary_large_image","twitter_misc":{"Szacowany czas czytania":"1 minuta"},"schema":{"@context":"https:\/\/schema.org","@graph":[{"@type":"WebPage","@id":"https:\/\/psycholog-czeladz.pl\/","url":"https:\/\/psycholog-czeladz.pl\/","name":"Anna Ulfig Psycholog Czelad\u017a, www.psycholog-czeladz.pl","isPartOf":{"@id":"https:\/\/psycholog-czeladz.pl\/#website"},"datePublished":"2020-10-31T12:45:22+00:00","dateModified":"2026-04-21T11:11:56+00:00","description":"Psycholog Anna Ulfig, gabinet psychologiczny Czelad\u017a, psychoterapia i wsparcie psychologiczne dla doros\u0142ych i m\u0142odzie\u017cy.","breadcrumb":{"@id":"https:\/\/psycholog-czeladz.pl\/#breadcrumb"},"inLanguage":"pl-PL","potentialAction":[{"@type":"ReadAction","target":["https:\/\/psycholog-czeladz.pl\/"]}]},{"@type":"BreadcrumbList","@id":"https:\/\/psycholog-czeladz.pl\/#breadcrumb","itemListElement":[{"@type":"ListItem","position":1,"name":"Strona g\u0142\u00f3wna","item":"https:\/\/psycholog-czeladz.pl\/"},{"@type":"ListItem","position":2,"name":"Strona g\u0142\u00f3wna"}]},{"@type":"WebSite","@id":"https:\/\/psycholog-czeladz.pl\/#website","url":"https:\/\/psycholog-czeladz.pl\/","name":"Psycholog Anna Ulfig","description":"Zadzwo\u0144: +48 507 179 059","potentialAction":[{"@type":"SearchAction","target":{"@type":"EntryPoint","urlTemplate":"https:\/\/psycholog-czeladz.pl\/?s={search_term_string}"},"query-input":{"@type":"PropertyValueSpecification","valueRequired":true,"valueName":"search_term_string"}}],"inLanguage":"pl-PL"}]}},"_links":{"self":[{"href":"https:\/\/psycholog-czeladz.pl\/index.php?rest_route=\/wp\/v2\/pages\/75","targetHints":{"allow":["GET"]}}],"collection":[{"href":"https:\/\/psycholog-czeladz.pl\/index.php?rest_route=\/wp\/v2\/pages"}],"about":[{"href":"https:\/\/psycholog-czeladz.pl\/index.php?rest_route=\/wp\/v2\/types\/page"}],"author":[{"embeddable":true,"href":"https:\/\/psycholog-czeladz.pl\/index.php?rest_route=\/wp\/v2\/users\/1"}],"replies":[{"embeddable":true,"href":"https:\/\/psycholog-czeladz.pl\/index.php?rest_route=%2Fwp%2Fv2%2Fcomments&post=75"}],"version-history":[{"count":17,"href":"https:\/\/psycholog-czeladz.pl\/index.php?rest_route=\/wp\/v2\/pages\/75\/revisions"}],"predecessor-version":[{"id":199,"href":"https:\/\/psycholog-czeladz.pl\/index.php?rest_route=\/wp\/v2\/pages\/75\/revisions\/199"}],"wp:attachment":[{"href":"https:\/\/psycholog-czeladz.pl\/index.php?rest_route=%2Fwp%2Fv2%2Fmedia&parent=75"}],"curies":[{"name":"wp","href":"https:\/\/api.w.org\/{rel}","templated":true}]}}